{"id":38,"date":"2015-10-06T20:09:57","date_gmt":"2015-10-06T20:09:57","guid":{"rendered":"http:\/\/osteopathie-aadorf.ch\/wordpress\/?page_id=38"},"modified":"2015-11-08T19:12:30","modified_gmt":"2015-11-08T19:12:30","slug":"anwendungsbereiche","status":"publish","type":"page","link":"https:\/\/osteopathie-aadorf.ch\/?page_id=38","title":{"rendered":"Anwendungsbereiche"},"content":{"rendered":"<p>Grunds\u00e4tzlich ist die Osteopathie f\u00fcr jeden geeignet. Ausgenommen sind medizinische Notf\u00e4lle. Falls n\u00f6tig verweise ich Sie an Ihren Arzt.<\/p>\n<p><strong>Beispiele f\u00fcr Behandlungsursachen<\/strong><\/p>\n<ul>\n<li>Bei Erwachsenen:\n<ul>\n<li>Migr\u00e4ne<\/li>\n<li>Kopf-\/R\u00fcckenschmerzen<\/li>\n<li>Schwindel<\/li>\n<li>Verspannungen<\/li>\n<li>Sportverletzungen, unterst\u00fctzend beim Trainingsaufbau<\/li>\n<li>Kieferprobleme<\/li>\n<li>Probleme nach Operationen und Unf\u00e4llen<\/li>\n<li>Verdauungsbeschwerden<\/li>\n<li>Blasenprobleme<\/li>\n<li>Schwangerschaftsbeschwerden<\/li>\n<li><\/li>\n<\/ul>\n<\/li>\n<li>Bei Kindern zus\u00e4tzlich in diesen F\u00e4llen:\n<ul>\n<li>Begleitung bei kieferorthop\u00e4dische Behandlungen<\/li>\n<li>Konzentrationsschwierigkeiten<\/li>\n<li>Lernschwierigkeiten<\/li>\n<li>Haltungsprobleme<\/li>\n<li>Chronische Mittelohrentz\u00fcndungen<\/li>\n<li><\/li>\n<\/ul>\n<\/li>\n<li>Bei Babys zus\u00e4tzlich in diesen F\u00e4llen:\n<ul>\n<li>Schreibabys<\/li>\n<li>Koliken<\/li>\n<li>Schiefhals<\/li>\n<li>Trinkprobleme<\/li>\n<li>Unruhe<\/li>\n<li>Entwicklungsst\u00f6rungen<\/li>\n<li>Schlafprobleme<\/li>\n<\/ul>\n<\/li>\n<\/ul>\n<p>Bei Fragen berate ich Sie gerne pers\u00f6nlich.<\/p>\n","protected":false},"excerpt":{"rendered":"<p>Grunds\u00e4tzlich ist die Osteopathie f\u00fcr jeden geeignet. Ausgenommen sind medizinische Notf\u00e4lle. Falls n\u00f6tig verweise ich Sie an Ihren Arzt. Beispiele f\u00fcr Behandlungsursachen Bei Erwachsenen: Migr\u00e4ne Kopf-\/R\u00fcckenschmerzen Schwindel Verspannungen Sportverletzungen, unterst\u00fctzend beim Trainingsaufbau Kieferprobleme Probleme nach Operationen und Unf\u00e4llen Verdauungsbeschwerden Blasenprobleme Schwangerschaftsbeschwerden Bei Kindern zus\u00e4tzlich in diesen F\u00e4llen: Begleitung bei kieferorthop\u00e4dische Behandlungen Konzentrationsschwierigkeiten Lernschwierigkeiten Haltungsprobleme Chronische [&hellip;]<\/p>\n","protected":false},"author":3,"featured_media":0,"parent":0,"menu_order":3,"comment_status":"closed","ping_status":"closed","template":"","meta":{"footnotes":""},"class_list":["post-38","page","type-page","status-publish","hentry"],"_links":{"self":[{"href":"https:\/\/osteopathie-aadorf.ch\/index.php?rest_route=\/wp\/v2\/pages\/38","targetHints":{"allow":["GET"]}}],"collection":[{"href":"https:\/\/osteopathie-aadorf.ch\/index.php?rest_route=\/wp\/v2\/pages"}],"about":[{"href":"https:\/\/osteopathie-aadorf.ch\/index.php?rest_route=\/wp\/v2\/types\/page"}],"author":[{"embeddable":true,"href":"https:\/\/osteopathie-aadorf.ch\/index.php?rest_route=\/wp\/v2\/users\/3"}],"replies":[{"embeddable":true,"href":"https:\/\/osteopathie-aadorf.ch\/index.php?rest_route=%2Fwp%2Fv2%2Fcomments&post=38"}],"version-history":[{"count":3,"href":"https:\/\/osteopathie-aadorf.ch\/index.php?rest_route=\/wp\/v2\/pages\/38\/revisions"}],"predecessor-version":[{"id":98,"href":"https:\/\/osteopathie-aadorf.ch\/index.php?rest_route=\/wp\/v2\/pages\/38\/revisions\/98"}],"wp:attachment":[{"href":"https:\/\/osteopathie-aadorf.ch\/index.php?rest_route=%2Fwp%2Fv2%2Fmedia&parent=38"}],"curies":[{"name":"wp","href":"https:\/\/api.w.org\/{rel}","templated":true}]}}