{"id":14,"date":"2015-09-24T19:29:18","date_gmt":"2015-09-24T19:29:18","guid":{"rendered":"http:\/\/osteopathie-aadorf.ch\/wordpress\/?page_id=14"},"modified":"2022-01-02T14:47:02","modified_gmt":"2022-01-02T14:47:02","slug":"test-3","status":"publish","type":"page","link":"https:\/\/osteopathie-aadorf.ch\/?page_id=14","title":{"rendered":"Tarife"},"content":{"rendered":"<p>Sie k\u00f6nnen auch ohne \u00e4rztliche Verordnung zur Behandlung kommen. Die Kosten f\u00fcr die Osteopathie laufen \u00fcber die Zusatzversicherung. Am besten erkundigen Sie sich im Voraus bei Ihrer Krankenkasse oder Versicherung\u00a0betreffend der\u00a0Kosten\u00fcbernahme. Ich\u00a0bin bei\u00a0allen Krankenkassen anerkannt.<\/p>\n<ul>\n<li>30 Min.\u00a0 \u00a0 \u00a0\u00a0 \u00a0\u00a0\u00a0\u00a0\u00a0\u00a0\u00a0\u00a0\u00a0\u00a0\u00a0\u00a0\u00a0 \u00a0 \u00a0\u00a0 84 CHF<\/li>\n<li>45 Min. \u00a0 \u00a0 \u00a0 \u00a0\u00a0 \u00a0\u00a0\u00a0\u00a0\u00a0\u00a0\u00a0\u00a0\u00a0\u00a0\u00a0\u00a0\u00a0 126 CHF<\/li>\n<li style=\"text-align: left;\">60 Min. \u00a0 \u00a0 \u00a0 \u00a0\u00a0 \u00a0\u00a0\u00a0\u00a0\u00a0\u00a0\u00a0\u00a0\u00a0\u00a0\u00a0\u00a0\u00a0 162 CHF<\/li>\n<\/ul>\n<p style=\"text-align: left;\">Abstufung in 5-Minuten Schritten (gem\u00e4ss Tarif 590)<\/p>\n<p style=\"text-align: left;\">Bitte melden Sie sich bei Terminverschiebungen bis 24 Stunden vor dem Termin ab. Zu sp\u00e4t abgesagte Termine werden verrechnet.<\/p>\n","protected":false},"excerpt":{"rendered":"<p>Sie k\u00f6nnen auch ohne \u00e4rztliche Verordnung zur Behandlung kommen. Die Kosten f\u00fcr die Osteopathie laufen \u00fcber die Zusatzversicherung. Am besten erkundigen Sie sich im Voraus bei Ihrer Krankenkasse oder Versicherung\u00a0betreffend der\u00a0Kosten\u00fcbernahme. Ich\u00a0bin bei\u00a0allen Krankenkassen anerkannt. 30 Min.\u00a0 \u00a0 \u00a0\u00a0 \u00a0\u00a0\u00a0\u00a0\u00a0\u00a0\u00a0\u00a0\u00a0\u00a0\u00a0\u00a0\u00a0 \u00a0 \u00a0\u00a0 84 CHF 45 Min. \u00a0 \u00a0 \u00a0 \u00a0\u00a0 \u00a0\u00a0\u00a0\u00a0\u00a0\u00a0\u00a0\u00a0\u00a0\u00a0\u00a0\u00a0\u00a0 126 CHF 60 Min. [&hellip;]<\/p>\n","protected":false},"author":3,"featured_media":0,"parent":0,"menu_order":4,"comment_status":"closed","ping_status":"closed","template":"","meta":{"footnotes":""},"class_list":["post-14","page","type-page","status-publish","hentry"],"_links":{"self":[{"href":"https:\/\/osteopathie-aadorf.ch\/index.php?rest_route=\/wp\/v2\/pages\/14","targetHints":{"allow":["GET"]}}],"collection":[{"href":"https:\/\/osteopathie-aadorf.ch\/index.php?rest_route=\/wp\/v2\/pages"}],"about":[{"href":"https:\/\/osteopathie-aadorf.ch\/index.php?rest_route=\/wp\/v2\/types\/page"}],"author":[{"embeddable":true,"href":"https:\/\/osteopathie-aadorf.ch\/index.php?rest_route=\/wp\/v2\/users\/3"}],"replies":[{"embeddable":true,"href":"https:\/\/osteopathie-aadorf.ch\/index.php?rest_route=%2Fwp%2Fv2%2Fcomments&post=14"}],"version-history":[{"count":8,"href":"https:\/\/osteopathie-aadorf.ch\/index.php?rest_route=\/wp\/v2\/pages\/14\/revisions"}],"predecessor-version":[{"id":207,"href":"https:\/\/osteopathie-aadorf.ch\/index.php?rest_route=\/wp\/v2\/pages\/14\/revisions\/207"}],"wp:attachment":[{"href":"https:\/\/osteopathie-aadorf.ch\/index.php?rest_route=%2Fwp%2Fv2%2Fmedia&parent=14"}],"curies":[{"name":"wp","href":"https:\/\/api.w.org\/{rel}","templated":true}]}}