{"id":12,"date":"2015-09-24T19:28:54","date_gmt":"2015-09-24T19:28:54","guid":{"rendered":"http:\/\/osteopathie-aadorf.ch\/wordpress\/?page_id=12"},"modified":"2015-11-08T18:56:33","modified_gmt":"2015-11-08T18:56:33","slug":"test-2","status":"publish","type":"page","link":"https:\/\/osteopathie-aadorf.ch\/?page_id=12","title":{"rendered":"\u00dcber Osteopathie und die Behandlung"},"content":{"rendered":"<p>Die Osteopathie ist eine ganzheitliche Medizin, die durch Dr. A.\u00a0T. Still ca. 1870 erfunden wurde. Das Ziel ist die Pr\u00e4vention und Heilung von Beschwerden. Dies geschieht durch die manuelle Behandlung der verschiedenen K\u00f6rperstrukturen und Systeme. In der Osteopathie wird die Gesundheit als funktionelles Gleichgewicht aller Strukturen des menschlichen K\u00f6rpers gesehen. Oft zeigt der K\u00f6rper erst Symptome, wenn er dieses Gleichgewicht verliert und die Kompensationsmechanismen nicht mehr ausreichen. Er kann sich nicht mehr selbst regulieren. Bewegungseinschr\u00e4nkungen, Schmerzen oder Verspannungen k\u00f6nnen die Folge sein.<\/p>\n<p>Ein blockierter Fuss nach einer Verstauchung kann beispielsweise mit der Zeit zu Knie- oder R\u00fcckenschmerzen f\u00fchren, da der Mensch wegen der Bewegungseinschr\u00e4nkung nicht ganz normal laufen kann. \u00a0Wo genau die Probleme in Erscheinung treten ist sehr individuell, da jeder andere Voraussetzungen hat, mit den belastenden Faktoren umzugehen. (Alter, K\u00f6rperbau, alte Verletzungen, Stress usw.).<\/p>\n<p>Deshalb ist es wichtig, nach einem ausf\u00fchrlichen Gespr\u00e4ch den Menschen als Ganzes genau zu untersuchen, um die richtige Ursache der Beschwerden zu finden, und sich nicht nur auf die Symptome zu konzentrieren. Die funktionellen St\u00f6rungen (Dysfunktionen) \u00e4ussern sich in verschiedenen Bereichen als Verlust der Beweglichkeit oder Spannung des Gewebes. Diese Dysfunktionen k\u00f6nnen mittels feinem Tasten mit den H\u00e4nden diagnostiziert werden.<\/p>\n<p>Klassisch wird die Osteopathie in drei Hauptbereiche aufgeteilt:<\/p>\n<ol>\n<li>Parietale Osteopathie: Behandlung der Muskeln, Gelenke, Faszien, B\u00e4nder, Knochen, Sehnen<\/li>\n<li>Viszerale Osteopathie: Behandlung der inneren Organe, deren Aufh\u00e4ngesysteme und der versorgenden Gef\u00e4sse<\/li>\n<li>Craniosacrale Osteopathie: Behandlung des Sch\u00e4dels, der Wirbels\u00e4ule, des Kreuzbeines und der Hirn-\/R\u00fcckenmarkth\u00e4ute<\/li>\n<\/ol>\n<p>Nachdem die Ursachen der Beschwerden gefunden wurden, werden diese mit geeigneten Behandlungstechniken behoben. Hier bietet die Osteopathie eine grosse Auswahl von verschiedenen, sanften und angemessenen Techniken, die bei allen Beschwerdebildern und in jedem Alter anwendbar sind.<\/p>\n<p>Durch die osteopathische Behandlung wird die Versorgung (neural, arteriell, ven\u00f6s, lymphatisch) normalisiert. So kann die Selbstheilungskraft aktiviert und gef\u00f6rdert werden. Dies f\u00fchrt zur Linderung der Beschwerden.<\/p>\n<p>Gerne gebe ich Ihnen ausserdem unterst\u00fctzende Tipps zur Bewegung mit Dehnungs- und Kr\u00e4ftigungs\u00fcbungen, \u00fcber Ergonomie oder Ern\u00e4hrung. Kinesiologisches Taping hat sich auch im Rahmen der Osteopathie bew\u00e4hrt. Manchmal kann es auch sinnvoll sein, weitere medizinische Untersuchungen durchzuf\u00fchren oder die Osteopathie mit anderen Therapien zu erg\u00e4nzen. Gerne helfe ich Ihnen weiter.<\/p>\n<p>.<\/p>\n","protected":false},"excerpt":{"rendered":"<p>Die Osteopathie ist eine ganzheitliche Medizin, die durch Dr. A.\u00a0T. Still ca. 1870 erfunden wurde. Das Ziel ist die Pr\u00e4vention und Heilung von Beschwerden. Dies geschieht durch die manuelle Behandlung der verschiedenen K\u00f6rperstrukturen und Systeme. In der Osteopathie wird die Gesundheit als funktionelles Gleichgewicht aller Strukturen des menschlichen K\u00f6rpers gesehen. Oft zeigt der K\u00f6rper erst [&hellip;]<\/p>\n","protected":false},"author":3,"featured_media":0,"parent":0,"menu_order":0,"comment_status":"closed","ping_status":"closed","template":"","meta":{"footnotes":""},"class_list":["post-12","page","type-page","status-publish","hentry"],"_links":{"self":[{"href":"https:\/\/osteopathie-aadorf.ch\/index.php?rest_route=\/wp\/v2\/pages\/12","targetHints":{"allow":["GET"]}}],"collection":[{"href":"https:\/\/osteopathie-aadorf.ch\/index.php?rest_route=\/wp\/v2\/pages"}],"about":[{"href":"https:\/\/osteopathie-aadorf.ch\/index.php?rest_route=\/wp\/v2\/types\/page"}],"author":[{"embeddable":true,"href":"https:\/\/osteopathie-aadorf.ch\/index.php?rest_route=\/wp\/v2\/users\/3"}],"replies":[{"embeddable":true,"href":"https:\/\/osteopathie-aadorf.ch\/index.php?rest_route=%2Fwp%2Fv2%2Fcomments&post=12"}],"version-history":[{"count":8,"href":"https:\/\/osteopathie-aadorf.ch\/index.php?rest_route=\/wp\/v2\/pages\/12\/revisions"}],"predecessor-version":[{"id":210,"href":"https:\/\/osteopathie-aadorf.ch\/index.php?rest_route=\/wp\/v2\/pages\/12\/revisions\/210"}],"wp:attachment":[{"href":"https:\/\/osteopathie-aadorf.ch\/index.php?rest_route=%2Fwp%2Fv2%2Fmedia&parent=12"}],"curies":[{"name":"wp","href":"https:\/\/api.w.org\/{rel}","templated":true}]}}